{"id":16427,"date":"2020-03-12T10:30:04","date_gmt":"2020-03-12T10:30:04","guid":{"rendered":"https:\/\/default.houzez.co\/?page_id=16427"},"modified":"2021-03-07T19:09:19","modified_gmt":"2021-03-07T19:09:19","slug":"contact-form","status":"publish","type":"page","link":"https:\/\/www.investgreece.gr\/index.php\/contact-form\/","title":{"rendered":"Contact Form"},"content":{"rendered":"\t\t<div data-elementor-type=\"wp-page\" data-elementor-id=\"16427\" class=\"elementor elementor-16427\" data-elementor-post-type=\"page\">\n\t\t\t\t\t\t<section class=\"elementor-section elementor-top-section elementor-element elementor-element-3cb815a1 elementor-section-height-min-height animated-slow elementor-section-boxed elementor-section-height-default elementor-section-items-middle elementor-invisible\" data-id=\"3cb815a1\" data-element_type=\"section\" data-e-type=\"section\" data-settings=\"{&quot;background_background&quot;:&quot;classic&quot;,&quot;animation&quot;:&quot;fadeIn&quot;}\">\n\t\t\t\t\t\t\t<div class=\"elementor-background-overlay\"><\/div>\n\t\t\t\t\t\t\t<div class=\"elementor-container elementor-column-gap-default\">\n\t\t\t\t\t<div class=\"elementor-column elementor-col-100 elementor-top-column elementor-element elementor-element-7c74f588\" data-id=\"7c74f588\" data-element_type=\"column\" data-e-type=\"column\">\n\t\t\t<div class=\"elementor-widget-wrap elementor-element-populated\">\n\t\t\t\t\t\t<div class=\"elementor-element elementor-element-52e70ea8 elementor-widget elementor-widget-heading\" data-id=\"52e70ea8\" data-element_type=\"widget\" data-e-type=\"widget\" data-widget_type=\"heading.default\">\n\t\t\t\t<div class=\"elementor-widget-container\">\n\t\t\t\t\t<h1 class=\"elementor-heading-title elementor-size-default\">Bizimle \u0130rtibata Ge\u00e7in <\/h1>\t\t\t\t<\/div>\n\t\t\t\t<\/div>\n\t\t\t\t\t<\/div>\n\t\t<\/div>\n\t\t\t\t\t<\/div>\n\t\t<\/section>\n\t\t\t\t<section class=\"elementor-section elementor-top-section elementor-element elementor-element-2c8af03b elementor-section-boxed elementor-section-height-default elementor-section-height-default\" data-id=\"2c8af03b\" data-element_type=\"section\" data-e-type=\"section\">\n\t\t\t\t\t\t<div class=\"elementor-container elementor-column-gap-default\">\n\t\t\t\t\t<div class=\"elementor-column elementor-col-100 elementor-top-column elementor-element elementor-element-4ed57097\" data-id=\"4ed57097\" data-element_type=\"column\" data-e-type=\"column\">\n\t\t\t<div class=\"elementor-widget-wrap\">\n\t\t\t\t\t\t\t<\/div>\n\t\t<\/div>\n\t\t\t\t\t<\/div>\n\t\t<\/section>\n\t\t\t\t<section class=\"elementor-section elementor-top-section elementor-element elementor-element-510d349f elementor-section-content-top animated-slow elementor-section-boxed elementor-section-height-default elementor-section-height-default elementor-invisible\" data-id=\"510d349f\" data-element_type=\"section\" data-e-type=\"section\" data-settings=\"{&quot;animation&quot;:&quot;fadeIn&quot;}\">\n\t\t\t\t\t\t<div class=\"elementor-container elementor-column-gap-default\">\n\t\t\t\t\t<div class=\"elementor-column elementor-col-50 elementor-top-column elementor-element elementor-element-ab6dff5\" data-id=\"ab6dff5\" data-element_type=\"column\" data-e-type=\"column\" data-settings=\"{&quot;background_background&quot;:&quot;classic&quot;}\">\n\t\t\t<div class=\"elementor-widget-wrap elementor-element-populated\">\n\t\t\t\t\t\t<div class=\"elementor-element elementor-element-105a1ef6 elementor-widget elementor-widget-text-editor\" data-id=\"105a1ef6\" data-element_type=\"widget\" data-e-type=\"widget\" data-widget_type=\"text-editor.default\">\n\t\t\t\t<div class=\"elementor-widget-container\">\n\t\t\t\t\t\t\t\t\t<p>Design your custom contact forms with this Houzez Elementor custom widget and connect your leads with the integrated Houzez CRM.<\/p>\t\t\t\t\t\t\t\t<\/div>\n\t\t\t\t<\/div>\n\t\t\t\t\t<\/div>\n\t\t<\/div>\n\t\t\t\t<div class=\"elementor-column elementor-col-25 elementor-top-column elementor-element elementor-element-1c9ff4a6\" data-id=\"1c9ff4a6\" data-element_type=\"column\" data-e-type=\"column\">\n\t\t\t<div class=\"elementor-widget-wrap\">\n\t\t\t\t\t\t\t<\/div>\n\t\t<\/div>\n\t\t\t\t<div class=\"elementor-column elementor-col-25 elementor-top-column elementor-element elementor-element-5d925fc5\" data-id=\"5d925fc5\" data-element_type=\"column\" data-e-type=\"column\">\n\t\t\t<div class=\"elementor-widget-wrap elementor-element-populated\">\n\t\t\t\t\t\t<div class=\"elementor-element elementor-element-c8861fd elementor-widget elementor-widget-text-editor\" data-id=\"c8861fd\" data-element_type=\"widget\" data-e-type=\"widget\" data-widget_type=\"text-editor.default\">\n\t\t\t\t<div class=\"elementor-widget-container\">\n\t\t\t\t\t\t\t\t\t<p class=\"padding-top\"><strong>For inquiries<\/strong><strong>\u00a0contact:<\/strong><\/p><p><strong>Amy Miller<\/strong><br \/>Public Relations Manager<br \/>774 NE 84th St Miami, FL 33879<br \/>amy.miller@houzez.com<\/p><p><strong>Kyle Parker<\/strong><br \/>Public Relations Associated<br \/>774 NE 84th St Miami, FL 33879<br \/>kyle.parker@houzez.com<\/p>\t\t\t\t\t\t\t\t<\/div>\n\t\t\t\t<\/div>\n\t\t\t\t<div class=\"elementor-element elementor-element-561f1999 elementor-widget elementor-widget-text-editor\" data-id=\"561f1999\" data-element_type=\"widget\" data-e-type=\"widget\" data-widget_type=\"text-editor.default\">\n\t\t\t\t<div class=\"elementor-widget-container\">\n\t\t\t\t\t\t\t\t\t<p class=\"padding-top\"><strong>Corporate Headquarters<\/strong><br \/>1584\u00a0Biscayne\u00a0Boulevard<br \/>Miami FL, 33176<\/p>\t\t\t\t\t\t\t\t<\/div>\n\t\t\t\t<\/div>\n\t\t\t\t<div class=\"elementor-element elementor-element-741371ad e-grid-align-left elementor-shape-rounded elementor-grid-0 elementor-widget elementor-widget-social-icons\" data-id=\"741371ad\" data-element_type=\"widget\" data-e-type=\"widget\" data-widget_type=\"social-icons.default\">\n\t\t\t\t<div class=\"elementor-widget-container\">\n\t\t\t\t\t\t\t<div class=\"elementor-social-icons-wrapper elementor-grid\" role=\"list\">\n\t\t\t\t\t\t\t<span class=\"elementor-grid-item\" role=\"listitem\">\n\t\t\t\t\t<a class=\"elementor-icon elementor-social-icon elementor-social-icon-facebook elementor-animation-shrink elementor-repeater-item-4d4e750\" href=\"#\" target=\"_blank\">\n\t\t\t\t\t\t<span class=\"elementor-screen-only\">Facebook<\/span>\n\t\t\t\t\t\t<i aria-hidden=\"true\" class=\"fab fa-facebook\"><\/i>\t\t\t\t\t<\/a>\n\t\t\t\t<\/span>\n\t\t\t\t\t\t\t<span class=\"elementor-grid-item\" role=\"listitem\">\n\t\t\t\t\t<a class=\"elementor-icon elementor-social-icon elementor-social-icon-twitter elementor-animation-shrink elementor-repeater-item-a2d8d9c\" href=\"#\" target=\"_blank\">\n\t\t\t\t\t\t<span class=\"elementor-screen-only\">Twitter<\/span>\n\t\t\t\t\t\t<i aria-hidden=\"true\" class=\"fab fa-twitter\"><\/i>\t\t\t\t\t<\/a>\n\t\t\t\t<\/span>\n\t\t\t\t\t\t\t<span class=\"elementor-grid-item\" role=\"listitem\">\n\t\t\t\t\t<a class=\"elementor-icon elementor-social-icon elementor-social-icon-youtube elementor-animation-shrink elementor-repeater-item-4483b35\" href=\"#\" target=\"_blank\">\n\t\t\t\t\t\t<span class=\"elementor-screen-only\">Youtube<\/span>\n\t\t\t\t\t\t<i aria-hidden=\"true\" class=\"fab fa-youtube\"><\/i>\t\t\t\t\t<\/a>\n\t\t\t\t<\/span>\n\t\t\t\t\t\t\t<span class=\"elementor-grid-item\" role=\"listitem\">\n\t\t\t\t\t<a class=\"elementor-icon elementor-social-icon elementor-social-icon-linkedin elementor-animation-shrink elementor-repeater-item-4cd5d30\" href=\"#\" target=\"_blank\">\n\t\t\t\t\t\t<span class=\"elementor-screen-only\">Linkedin<\/span>\n\t\t\t\t\t\t<i aria-hidden=\"true\" class=\"fab fa-linkedin\"><\/i>\t\t\t\t\t<\/a>\n\t\t\t\t<\/span>\n\t\t\t\t\t\t\t<span class=\"elementor-grid-item\" role=\"listitem\">\n\t\t\t\t\t<a class=\"elementor-icon elementor-social-icon elementor-social-icon-instagram elementor-animation-shrink elementor-repeater-item-9e48d2c\" href=\"#\" target=\"_blank\">\n\t\t\t\t\t\t<span class=\"elementor-screen-only\">Instagram<\/span>\n\t\t\t\t\t\t<i aria-hidden=\"true\" class=\"fab fa-instagram\"><\/i>\t\t\t\t\t<\/a>\n\t\t\t\t<\/span>\n\t\t\t\t\t\t\t<span class=\"elementor-grid-item\" role=\"listitem\">\n\t\t\t\t\t<a class=\"elementor-icon elementor-social-icon elementor-social-icon-skype elementor-animation-shrink elementor-repeater-item-a996753\" href=\"#\" target=\"_blank\">\n\t\t\t\t\t\t<span class=\"elementor-screen-only\">Skype<\/span>\n\t\t\t\t\t\t<i aria-hidden=\"true\" class=\"fab fa-skype\"><\/i>\t\t\t\t\t<\/a>\n\t\t\t\t<\/span>\n\t\t\t\t\t<\/div>\n\t\t\t\t\t\t<\/div>\n\t\t\t\t<\/div>\n\t\t\t\t\t<\/div>\n\t\t<\/div>\n\t\t\t\t\t<\/div>\n\t\t<\/section>\n\t\t\t\t<section class=\"elementor-section elementor-top-section elementor-element elementor-element-14b29e94 animated-slow elementor-section-boxed elementor-section-height-default elementor-section-height-default elementor-invisible\" data-id=\"14b29e94\" data-element_type=\"section\" data-e-type=\"section\" data-settings=\"{&quot;animation&quot;:&quot;fadeIn&quot;}\">\n\t\t\t\t\t\t<div class=\"elementor-container elementor-column-gap-default\">\n\t\t\t\t\t<div class=\"elementor-column elementor-col-100 elementor-top-column elementor-element elementor-element-1b0986f1\" data-id=\"1b0986f1\" data-element_type=\"column\" data-e-type=\"column\">\n\t\t\t<div class=\"elementor-widget-wrap elementor-element-populated\">\n\t\t\t\t\t\t<div class=\"elementor-element elementor-element-5dfdacbc elementor-widget elementor-widget-google_maps\" data-id=\"5dfdacbc\" data-element_type=\"widget\" data-e-type=\"widget\" data-widget_type=\"google_maps.default\">\n\t\t\t\t<div class=\"elementor-widget-container\">\n\t\t\t\t\t\t\t<div class=\"elementor-custom-embed\">\n\t\t\t<iframe loading=\"lazy\"\n\t\t\t\t\tsrc=\"https:\/\/maps.google.com\/maps?q=1584%20Biscayne%20Blvd%2C%20Miami%2C%20FL%2033132&#038;t=m&#038;z=12&#038;output=embed&#038;iwloc=near\"\n\t\t\t\t\ttitle=\"1584 Biscayne Blvd, Miami, FL 33132\"\n\t\t\t\t\taria-label=\"1584 Biscayne Blvd, Miami, FL 33132\"\n\t\t\t><\/iframe>\n\t\t<\/div>\n\t\t\t\t\t\t<\/div>\n\t\t\t\t<\/div>\n\t\t\t\t<div class=\"elementor-element elementor-element-19cc5bd3 elementor-widget elementor-widget-text-editor\" data-id=\"19cc5bd3\" data-element_type=\"widget\" data-e-type=\"widget\" data-widget_type=\"text-editor.default\">\n\t\t\t\t<div class=\"elementor-widget-container\">\n\t\t\t\t\t\t\t\t\t<p style=\"text-align: left;\"><strong>Address<\/strong>: 1584 Biscayne Blvd, Miami, FL 33132 &#8211; <a href=\"#\">Get Directions<\/a><\/p>\t\t\t\t\t\t\t\t<\/div>\n\t\t\t\t<\/div>\n\t\t\t\t\t<\/div>\n\t\t<\/div>\n\t\t\t\t\t<\/div>\n\t\t<\/section>\n\t\t\t\t<section class=\"elementor-section elementor-top-section elementor-element elementor-element-2da078e5 elementor-section-boxed elementor-section-height-default elementor-section-height-default\" data-id=\"2da078e5\" data-element_type=\"section\" data-e-type=\"section\">\n\t\t\t\t\t\t<div class=\"elementor-container elementor-column-gap-default\">\n\t\t\t\t\t<div class=\"elementor-column elementor-col-100 elementor-top-column elementor-element elementor-element-4fbe7aa4\" data-id=\"4fbe7aa4\" data-element_type=\"column\" data-e-type=\"column\">\n\t\t\t<div class=\"elementor-widget-wrap elementor-element-populated\">\n\t\t\t\t\t\t<div class=\"elementor-element elementor-element-4a843f56 elementor-widget elementor-widget-spacer\" data-id=\"4a843f56\" data-element_type=\"widget\" data-e-type=\"widget\" data-widget_type=\"spacer.default\">\n\t\t\t\t<div class=\"elementor-widget-container\">\n\t\t\t\t\t\t\t<div class=\"elementor-spacer\">\n\t\t\t<div class=\"elementor-spacer-inner\"><\/div>\n\t\t<\/div>\n\t\t\t\t\t\t<\/div>\n\t\t\t\t<\/div>\n\t\t\t\t\t<\/div>\n\t\t<\/div>\n\t\t\t\t\t<\/div>\n\t\t<\/section>\n\t\t\t\t<\/div>\n\t\t","protected":false},"excerpt":{"rendered":"<p>Bizimle \u0130rtibata Ge\u00e7in Design your custom contact forms with this Houzez Elementor custom widget and connect your leads with the integrated Houzez CRM. For inquiries\u00a0contact: Amy MillerPublic Relations Manager774 NE 84th St Miami, FL 33879amy.miller@houzez.com Kyle ParkerPublic Relations Associated774 NE 84th St Miami, FL 33879kyle.parker@houzez.com Corporate Headquarters1584\u00a0Biscayne\u00a0BoulevardMiami FL, 33176 Facebook Twitter Youtube Linkedin Instagram Skype&#8230;<\/p>\n","protected":false},"author":1,"featured_media":0,"parent":0,"menu_order":0,"comment_status":"closed","ping_status":"closed","template":"","meta":{"footnotes":""},"class_list":["post-16427","page","type-page","status-publish","hentry"],"yoast_head":"<!-- This site is optimized with the Yoast SEO plugin v27.4 - https:\/\/yoast.com\/product\/yoast-seo-wordpress\/ -->\n<title>Contact Form - Invest Greece Yunanistan Emlak<\/title>\n<meta name=\"robots\" content=\"index, follow, max-snippet:-1, max-image-preview:large, max-video-preview:-1\" \/>\n<link rel=\"canonical\" href=\"https:\/\/www.investgreece.gr\/index.php\/contact-form\/\" \/>\n<meta property=\"og:locale\" content=\"tr_TR\" \/>\n<meta property=\"og:type\" content=\"article\" \/>\n<meta property=\"og:title\" content=\"Contact Form - Invest Greece Yunanistan Emlak\" \/>\n<meta property=\"og:description\" content=\"Bizimle \u0130rtibata Ge\u00e7in Design your custom contact forms with this Houzez Elementor custom widget and connect your leads with the integrated Houzez CRM. For inquiries\u00a0contact: Amy MillerPublic Relations Manager774 NE 84th St Miami, FL 33879amy.miller@houzez.com Kyle ParkerPublic Relations Associated774 NE 84th St Miami, FL 33879kyle.parker@houzez.com Corporate Headquarters1584\u00a0Biscayne\u00a0BoulevardMiami FL, 33176 Facebook Twitter Youtube Linkedin Instagram Skype...\" \/>\n<meta property=\"og:url\" content=\"https:\/\/www.investgreece.gr\/index.php\/contact-form\/\" \/>\n<meta property=\"og:site_name\" content=\"Invest Greece Yunanistan Emlak\" \/>\n<meta property=\"article:modified_time\" content=\"2021-03-07T19:09:19+00:00\" \/>\n<meta name=\"twitter:card\" content=\"summary_large_image\" \/>\n<meta name=\"twitter:site\" content=\"@KostaEmlak\" \/>\n<meta name=\"twitter:label1\" content=\"Tahmini okuma s\u00fcresi\" \/>\n\t<meta name=\"twitter:data1\" content=\"1 dakika\" \/>\n<script type=\"application\/ld+json\" class=\"yoast-schema-graph\">{\"@context\":\"https:\\\/\\\/schema.org\",\"@graph\":[{\"@type\":\"WebPage\",\"@id\":\"https:\\\/\\\/www.investgreece.gr\\\/index.php\\\/contact-form\\\/\",\"url\":\"https:\\\/\\\/www.investgreece.gr\\\/index.php\\\/contact-form\\\/\",\"name\":\"Contact Form - Invest Greece Yunanistan Emlak\",\"isPartOf\":{\"@id\":\"https:\\\/\\\/www.investgreece.gr\\\/#website\"},\"datePublished\":\"2020-03-12T10:30:04+00:00\",\"dateModified\":\"2021-03-07T19:09:19+00:00\",\"breadcrumb\":{\"@id\":\"https:\\\/\\\/www.investgreece.gr\\\/index.php\\\/contact-form\\\/#breadcrumb\"},\"inLanguage\":\"tr\",\"potentialAction\":[{\"@type\":\"ReadAction\",\"target\":[\"https:\\\/\\\/www.investgreece.gr\\\/index.php\\\/contact-form\\\/\"]}]},{\"@type\":\"BreadcrumbList\",\"@id\":\"https:\\\/\\\/www.investgreece.gr\\\/index.php\\\/contact-form\\\/#breadcrumb\",\"itemListElement\":[{\"@type\":\"ListItem\",\"position\":1,\"name\":\"Home\",\"item\":\"https:\\\/\\\/www.investgreece.gr\\\/\"},{\"@type\":\"ListItem\",\"position\":2,\"name\":\"Contact Form\"}]},{\"@type\":\"WebSite\",\"@id\":\"https:\\\/\\\/www.investgreece.gr\\\/#website\",\"url\":\"https:\\\/\\\/www.investgreece.gr\\\/\",\"name\":\"Invest Greece Yunanistan Emlak\",\"description\":\"Yunanistan Emlak Dan\u0131\u015fmanl\u0131\u011f\u0131\",\"publisher\":{\"@id\":\"https:\\\/\\\/www.investgreece.gr\\\/#organization\"},\"potentialAction\":[{\"@type\":\"SearchAction\",\"target\":{\"@type\":\"EntryPoint\",\"urlTemplate\":\"https:\\\/\\\/www.investgreece.gr\\\/?s={search_term_string}\"},\"query-input\":{\"@type\":\"PropertyValueSpecification\",\"valueRequired\":true,\"valueName\":\"search_term_string\"}}],\"inLanguage\":\"tr\"},{\"@type\":\"Organization\",\"@id\":\"https:\\\/\\\/www.investgreece.gr\\\/#organization\",\"name\":\"Invest Greece\",\"url\":\"https:\\\/\\\/www.investgreece.gr\\\/\",\"logo\":{\"@type\":\"ImageObject\",\"inLanguage\":\"tr\",\"@id\":\"https:\\\/\\\/www.investgreece.gr\\\/#\\\/schema\\\/logo\\\/image\\\/\",\"url\":\"https:\\\/\\\/res.cloudinary.com\\\/cyclops-web-studio\\\/images\\\/f_auto,q_auto\\\/v1622655883\\\/logo2021\\\/logo2021.png\",\"contentUrl\":\"https:\\\/\\\/res.cloudinary.com\\\/cyclops-web-studio\\\/images\\\/f_auto,q_auto\\\/v1622655883\\\/logo2021\\\/logo2021.png\",\"width\":250,\"height\":100,\"caption\":\"Invest Greece\"},\"image\":{\"@id\":\"https:\\\/\\\/www.investgreece.gr\\\/#\\\/schema\\\/logo\\\/image\\\/\"},\"sameAs\":[\"https:\\\/\\\/x.com\\\/KostaEmlak\"]}]}<\/script>\n<!-- \/ Yoast SEO plugin. -->","yoast_head_json":{"title":"Contact Form - Invest Greece Yunanistan Emlak","robots":{"index":"index","follow":"follow","max-snippet":"max-snippet:-1","max-image-preview":"max-image-preview:large","max-video-preview":"max-video-preview:-1"},"canonical":"https:\/\/www.investgreece.gr\/index.php\/contact-form\/","og_locale":"tr_TR","og_type":"article","og_title":"Contact Form - Invest Greece Yunanistan Emlak","og_description":"Bizimle \u0130rtibata Ge\u00e7in Design your custom contact forms with this Houzez Elementor custom widget and connect your leads with the integrated Houzez CRM. For inquiries\u00a0contact: Amy MillerPublic Relations Manager774 NE 84th St Miami, FL 33879amy.miller@houzez.com Kyle ParkerPublic Relations Associated774 NE 84th St Miami, FL 33879kyle.parker@houzez.com Corporate Headquarters1584\u00a0Biscayne\u00a0BoulevardMiami FL, 33176 Facebook Twitter Youtube Linkedin Instagram Skype...","og_url":"https:\/\/www.investgreece.gr\/index.php\/contact-form\/","og_site_name":"Invest Greece Yunanistan Emlak","article_modified_time":"2021-03-07T19:09:19+00:00","twitter_card":"summary_large_image","twitter_site":"@KostaEmlak","twitter_misc":{"Tahmini okuma s\u00fcresi":"1 dakika"},"schema":{"@context":"https:\/\/schema.org","@graph":[{"@type":"WebPage","@id":"https:\/\/www.investgreece.gr\/index.php\/contact-form\/","url":"https:\/\/www.investgreece.gr\/index.php\/contact-form\/","name":"Contact Form - Invest Greece Yunanistan Emlak","isPartOf":{"@id":"https:\/\/www.investgreece.gr\/#website"},"datePublished":"2020-03-12T10:30:04+00:00","dateModified":"2021-03-07T19:09:19+00:00","breadcrumb":{"@id":"https:\/\/www.investgreece.gr\/index.php\/contact-form\/#breadcrumb"},"inLanguage":"tr","potentialAction":[{"@type":"ReadAction","target":["https:\/\/www.investgreece.gr\/index.php\/contact-form\/"]}]},{"@type":"BreadcrumbList","@id":"https:\/\/www.investgreece.gr\/index.php\/contact-form\/#breadcrumb","itemListElement":[{"@type":"ListItem","position":1,"name":"Home","item":"https:\/\/www.investgreece.gr\/"},{"@type":"ListItem","position":2,"name":"Contact Form"}]},{"@type":"WebSite","@id":"https:\/\/www.investgreece.gr\/#website","url":"https:\/\/www.investgreece.gr\/","name":"Invest Greece Yunanistan Emlak","description":"Yunanistan Emlak Dan\u0131\u015fmanl\u0131\u011f\u0131","publisher":{"@id":"https:\/\/www.investgreece.gr\/#organization"},"potentialAction":[{"@type":"SearchAction","target":{"@type":"EntryPoint","urlTemplate":"https:\/\/www.investgreece.gr\/?s={search_term_string}"},"query-input":{"@type":"PropertyValueSpecification","valueRequired":true,"valueName":"search_term_string"}}],"inLanguage":"tr"},{"@type":"Organization","@id":"https:\/\/www.investgreece.gr\/#organization","name":"Invest Greece","url":"https:\/\/www.investgreece.gr\/","logo":{"@type":"ImageObject","inLanguage":"tr","@id":"https:\/\/www.investgreece.gr\/#\/schema\/logo\/image\/","url":"https:\/\/res.cloudinary.com\/cyclops-web-studio\/images\/f_auto,q_auto\/v1622655883\/logo2021\/logo2021.png","contentUrl":"https:\/\/res.cloudinary.com\/cyclops-web-studio\/images\/f_auto,q_auto\/v1622655883\/logo2021\/logo2021.png","width":250,"height":100,"caption":"Invest Greece"},"image":{"@id":"https:\/\/www.investgreece.gr\/#\/schema\/logo\/image\/"},"sameAs":["https:\/\/x.com\/KostaEmlak"]}]}},"_links":{"self":[{"href":"https:\/\/www.investgreece.gr\/index.php\/wp-json\/wp\/v2\/pages\/16427","targetHints":{"allow":["GET"]}}],"collection":[{"href":"https:\/\/www.investgreece.gr\/index.php\/wp-json\/wp\/v2\/pages"}],"about":[{"href":"https:\/\/www.investgreece.gr\/index.php\/wp-json\/wp\/v2\/types\/page"}],"author":[{"embeddable":true,"href":"https:\/\/www.investgreece.gr\/index.php\/wp-json\/wp\/v2\/users\/1"}],"replies":[{"embeddable":true,"href":"https:\/\/www.investgreece.gr\/index.php\/wp-json\/wp\/v2\/comments?post=16427"}],"version-history":[{"count":0,"href":"https:\/\/www.investgreece.gr\/index.php\/wp-json\/wp\/v2\/pages\/16427\/revisions"}],"wp:attachment":[{"href":"https:\/\/www.investgreece.gr\/index.php\/wp-json\/wp\/v2\/media?parent=16427"}],"curies":[{"name":"wp","href":"https:\/\/api.w.org\/{rel}","templated":true}]}}