{"id":17108,"date":"2019-08-29T08:11:06","date_gmt":"2019-08-29T08:11:06","guid":{"rendered":"http:\/\/192.168.0.110\/elementor-addon\/?page_id=479"},"modified":"2019-08-29T08:11:06","modified_gmt":"2019-08-29T08:11:06","slug":"video","status":"publish","type":"page","link":"https:\/\/www.investgreece.gr\/index.php\/video\/","title":{"rendered":"Video"},"content":{"rendered":"<p>Sub Heading<\/p>\n<h2>Example Video Center Alignment<\/h2>\n<p>\t                    \tIt is a long established fact that a reader will be distracted by the readable content of a page when looking at its layout. <br \/>The point of using Lorem Ipsum is that it has a<br \/>\n\t\t\t\t\t    <a href=\"https:\/\/www.youtube.com\/watch?v=9US5QeBtw6w\"><br \/>\n\t\t\t\t\t\t<\/a><br \/>\n\t\t\t\t    \t\tThis is video information<br \/>\n\t\t\t\t\t    <a href=\"#\"><br \/>\n\t\t\t\t\t\t<\/a><br \/>\n\t            Sub Heading<\/p>\n<h2>Example Video Left Alignment<\/h2>\n<p>It is a long established fact that a reader will be distracted by the readable content of a page when looking at its layout. The point of using Lorem Ipsum is that it has a more-or-less normal distribution of letters, as opposed to using &#8216;Content here, content here&#8217;, making it look like readable English. Many desktop publishing<\/p>\n<p>\t            Sub Heading<\/p>\n<h2>Example Video Right Alignment<\/h2>\n<p>It is a long established fact that a reader will be distracted by the readable content of a page when looking at its layout. The point of using Lorem Ipsum is that it has a more-or-less normal distribution of letters, as opposed to using &#8216;Content here, content here&#8217;, making it look like readable English. Many desktop publishing<\/p>\n<p>\t\t\t\t\t    <a href=\"#\"><br \/>\n\t\t\t\t\t\t<\/a><br \/>\n\t\t\t\t    \t\tThis is video information<br \/>\n\t            Sub Heading<\/p>\n<h2>Example Video Top Title<\/h2>\n<p>It is a long established fact that a reader will be distracted by the readable content of a page when looking at its layout.<br \/>The point of using Lorem Ipsum is that it has a<\/p>\n<p>\t\t\t\t\t    <a href=\"#\"><br \/>\n\t\t\t\t\t\t<\/a><br \/>\n\t\t\t\t    \t\tAdd your video description here<\/p>\n","protected":false},"excerpt":{"rendered":"<p>Sub Heading Example Video Center Alignment It is a long established fact that a reader will be distracted by the readable content of a page when looking at its layout. The point of using Lorem Ipsum is that it has a This is video information Sub Heading Example Video Left Alignment It is a long&#8230;<\/p>\n","protected":false},"author":1,"featured_media":0,"parent":0,"menu_order":0,"comment_status":"closed","ping_status":"closed","template":"","meta":{"footnotes":""},"class_list":["post-17108","page","type-page","status-publish","hentry"],"yoast_head":"<!-- This site is optimized with the Yoast SEO plugin v27.4 - https:\/\/yoast.com\/product\/yoast-seo-wordpress\/ -->\n<title>Video - Invest Greece Yunanistan Emlak<\/title>\n<meta name=\"robots\" content=\"index, follow, max-snippet:-1, max-image-preview:large, max-video-preview:-1\" \/>\n<link rel=\"canonical\" href=\"https:\/\/www.investgreece.gr\/index.php\/video\/\" \/>\n<meta property=\"og:locale\" content=\"tr_TR\" \/>\n<meta property=\"og:type\" content=\"article\" \/>\n<meta property=\"og:title\" content=\"Video - Invest Greece Yunanistan Emlak\" \/>\n<meta property=\"og:description\" content=\"Sub Heading Example Video Center Alignment It is a long established fact that a reader will be distracted by the readable content of a page when looking at its layout. The point of using Lorem Ipsum is that it has a This is video information Sub Heading Example Video Left Alignment It is a long...\" \/>\n<meta property=\"og:url\" content=\"https:\/\/www.investgreece.gr\/index.php\/video\/\" \/>\n<meta property=\"og:site_name\" content=\"Invest Greece Yunanistan Emlak\" \/>\n<meta name=\"twitter:card\" content=\"summary_large_image\" \/>\n<meta name=\"twitter:site\" content=\"@KostaEmlak\" \/>\n<meta name=\"twitter:label1\" content=\"Tahmini okuma s\u00fcresi\" \/>\n\t<meta name=\"twitter:data1\" content=\"1 dakika\" \/>\n<script type=\"application\/ld+json\" class=\"yoast-schema-graph\">{\"@context\":\"https:\\\/\\\/schema.org\",\"@graph\":[{\"@type\":\"WebPage\",\"@id\":\"https:\\\/\\\/www.investgreece.gr\\\/index.php\\\/video\\\/\",\"url\":\"https:\\\/\\\/www.investgreece.gr\\\/index.php\\\/video\\\/\",\"name\":\"Video - Invest Greece Yunanistan Emlak\",\"isPartOf\":{\"@id\":\"https:\\\/\\\/www.investgreece.gr\\\/#website\"},\"datePublished\":\"2019-08-29T08:11:06+00:00\",\"breadcrumb\":{\"@id\":\"https:\\\/\\\/www.investgreece.gr\\\/index.php\\\/video\\\/#breadcrumb\"},\"inLanguage\":\"tr\",\"potentialAction\":[{\"@type\":\"ReadAction\",\"target\":[\"https:\\\/\\\/www.investgreece.gr\\\/index.php\\\/video\\\/\"]}]},{\"@type\":\"BreadcrumbList\",\"@id\":\"https:\\\/\\\/www.investgreece.gr\\\/index.php\\\/video\\\/#breadcrumb\",\"itemListElement\":[{\"@type\":\"ListItem\",\"position\":1,\"name\":\"Home\",\"item\":\"https:\\\/\\\/www.investgreece.gr\\\/\"},{\"@type\":\"ListItem\",\"position\":2,\"name\":\"Video\"}]},{\"@type\":\"WebSite\",\"@id\":\"https:\\\/\\\/www.investgreece.gr\\\/#website\",\"url\":\"https:\\\/\\\/www.investgreece.gr\\\/\",\"name\":\"Invest Greece Yunanistan Emlak\",\"description\":\"Yunanistan Emlak Dan\u0131\u015fmanl\u0131\u011f\u0131\",\"publisher\":{\"@id\":\"https:\\\/\\\/www.investgreece.gr\\\/#organization\"},\"potentialAction\":[{\"@type\":\"SearchAction\",\"target\":{\"@type\":\"EntryPoint\",\"urlTemplate\":\"https:\\\/\\\/www.investgreece.gr\\\/?s={search_term_string}\"},\"query-input\":{\"@type\":\"PropertyValueSpecification\",\"valueRequired\":true,\"valueName\":\"search_term_string\"}}],\"inLanguage\":\"tr\"},{\"@type\":\"Organization\",\"@id\":\"https:\\\/\\\/www.investgreece.gr\\\/#organization\",\"name\":\"Invest Greece\",\"url\":\"https:\\\/\\\/www.investgreece.gr\\\/\",\"logo\":{\"@type\":\"ImageObject\",\"inLanguage\":\"tr\",\"@id\":\"https:\\\/\\\/www.investgreece.gr\\\/#\\\/schema\\\/logo\\\/image\\\/\",\"url\":\"https:\\\/\\\/res.cloudinary.com\\\/cyclops-web-studio\\\/images\\\/f_auto,q_auto\\\/v1622655883\\\/logo2021\\\/logo2021.png\",\"contentUrl\":\"https:\\\/\\\/res.cloudinary.com\\\/cyclops-web-studio\\\/images\\\/f_auto,q_auto\\\/v1622655883\\\/logo2021\\\/logo2021.png\",\"width\":250,\"height\":100,\"caption\":\"Invest Greece\"},\"image\":{\"@id\":\"https:\\\/\\\/www.investgreece.gr\\\/#\\\/schema\\\/logo\\\/image\\\/\"},\"sameAs\":[\"https:\\\/\\\/x.com\\\/KostaEmlak\"]}]}<\/script>\n<!-- \/ Yoast SEO plugin. -->","yoast_head_json":{"title":"Video - Invest Greece Yunanistan Emlak","robots":{"index":"index","follow":"follow","max-snippet":"max-snippet:-1","max-image-preview":"max-image-preview:large","max-video-preview":"max-video-preview:-1"},"canonical":"https:\/\/www.investgreece.gr\/index.php\/video\/","og_locale":"tr_TR","og_type":"article","og_title":"Video - Invest Greece Yunanistan Emlak","og_description":"Sub Heading Example Video Center Alignment It is a long established fact that a reader will be distracted by the readable content of a page when looking at its layout. The point of using Lorem Ipsum is that it has a This is video information Sub Heading Example Video Left Alignment It is a long...","og_url":"https:\/\/www.investgreece.gr\/index.php\/video\/","og_site_name":"Invest Greece Yunanistan Emlak","twitter_card":"summary_large_image","twitter_site":"@KostaEmlak","twitter_misc":{"Tahmini okuma s\u00fcresi":"1 dakika"},"schema":{"@context":"https:\/\/schema.org","@graph":[{"@type":"WebPage","@id":"https:\/\/www.investgreece.gr\/index.php\/video\/","url":"https:\/\/www.investgreece.gr\/index.php\/video\/","name":"Video - Invest Greece Yunanistan Emlak","isPartOf":{"@id":"https:\/\/www.investgreece.gr\/#website"},"datePublished":"2019-08-29T08:11:06+00:00","breadcrumb":{"@id":"https:\/\/www.investgreece.gr\/index.php\/video\/#breadcrumb"},"inLanguage":"tr","potentialAction":[{"@type":"ReadAction","target":["https:\/\/www.investgreece.gr\/index.php\/video\/"]}]},{"@type":"BreadcrumbList","@id":"https:\/\/www.investgreece.gr\/index.php\/video\/#breadcrumb","itemListElement":[{"@type":"ListItem","position":1,"name":"Home","item":"https:\/\/www.investgreece.gr\/"},{"@type":"ListItem","position":2,"name":"Video"}]},{"@type":"WebSite","@id":"https:\/\/www.investgreece.gr\/#website","url":"https:\/\/www.investgreece.gr\/","name":"Invest Greece Yunanistan Emlak","description":"Yunanistan Emlak Dan\u0131\u015fmanl\u0131\u011f\u0131","publisher":{"@id":"https:\/\/www.investgreece.gr\/#organization"},"potentialAction":[{"@type":"SearchAction","target":{"@type":"EntryPoint","urlTemplate":"https:\/\/www.investgreece.gr\/?s={search_term_string}"},"query-input":{"@type":"PropertyValueSpecification","valueRequired":true,"valueName":"search_term_string"}}],"inLanguage":"tr"},{"@type":"Organization","@id":"https:\/\/www.investgreece.gr\/#organization","name":"Invest Greece","url":"https:\/\/www.investgreece.gr\/","logo":{"@type":"ImageObject","inLanguage":"tr","@id":"https:\/\/www.investgreece.gr\/#\/schema\/logo\/image\/","url":"https:\/\/res.cloudinary.com\/cyclops-web-studio\/images\/f_auto,q_auto\/v1622655883\/logo2021\/logo2021.png","contentUrl":"https:\/\/res.cloudinary.com\/cyclops-web-studio\/images\/f_auto,q_auto\/v1622655883\/logo2021\/logo2021.png","width":250,"height":100,"caption":"Invest Greece"},"image":{"@id":"https:\/\/www.investgreece.gr\/#\/schema\/logo\/image\/"},"sameAs":["https:\/\/x.com\/KostaEmlak"]}]}},"_links":{"self":[{"href":"https:\/\/www.investgreece.gr\/index.php\/wp-json\/wp\/v2\/pages\/17108","targetHints":{"allow":["GET"]}}],"collection":[{"href":"https:\/\/www.investgreece.gr\/index.php\/wp-json\/wp\/v2\/pages"}],"about":[{"href":"https:\/\/www.investgreece.gr\/index.php\/wp-json\/wp\/v2\/types\/page"}],"author":[{"embeddable":true,"href":"https:\/\/www.investgreece.gr\/index.php\/wp-json\/wp\/v2\/users\/1"}],"replies":[{"embeddable":true,"href":"https:\/\/www.investgreece.gr\/index.php\/wp-json\/wp\/v2\/comments?post=17108"}],"version-history":[{"count":0,"href":"https:\/\/www.investgreece.gr\/index.php\/wp-json\/wp\/v2\/pages\/17108\/revisions"}],"wp:attachment":[{"href":"https:\/\/www.investgreece.gr\/index.php\/wp-json\/wp\/v2\/media?parent=17108"}],"curies":[{"name":"wp","href":"https:\/\/api.w.org\/{rel}","templated":true}]}}