{"id":30205,"date":"2023-03-07T09:35:07","date_gmt":"2023-03-07T09:35:07","guid":{"rendered":"https:\/\/www.investgreece.gr\/?page_id=30205"},"modified":"2023-03-07T09:47:24","modified_gmt":"2023-03-07T09:47:24","slug":"kisisel-bilgileriniz","status":"publish","type":"page","link":"https:\/\/www.investgreece.gr\/index.php\/kisisel-bilgileriniz\/","title":{"rendered":"Ki\u015fisel Bilgileriniz"},"content":{"rendered":"\n<figure class=\"wp-block-embedpress-google-forms-block ose-google-docs-forms\"><iframe src=\"https:\/\/docs.google.com\/forms\/d\/e\/1FAIpQLSf-TnYpsk3arEb7y8KZvnahEjOyB7TPCbDCGOj48kRfV3b0mw\/viewform\" frameborder=\"0\" width=\"600\" height=\"3000\" allowfullscreen mozallowfullscreen=\"true\" webkitallowfullscreen=\"true\"><\/iframe><\/figure>\n","protected":false},"excerpt":{"rendered":"","protected":false},"author":1,"featured_media":23763,"parent":0,"menu_order":0,"comment_status":"closed","ping_status":"closed","template":"","meta":{"footnotes":""},"class_list":["post-30205","page","type-page","status-publish","has-post-thumbnail","hentry"],"yoast_head":"<!-- This site is optimized with the Yoast SEO plugin v27.4 - https:\/\/yoast.com\/product\/yoast-seo-wordpress\/ -->\n<title>Ki\u015fisel Bilgileriniz - Invest Greece Yunanistan Emlak<\/title>\n<meta name=\"robots\" content=\"index, follow, max-snippet:-1, max-image-preview:large, max-video-preview:-1\" \/>\n<link rel=\"canonical\" href=\"https:\/\/www.investgreece.gr\/index.php\/kisisel-bilgileriniz\/\" \/>\n<meta property=\"og:locale\" content=\"tr_TR\" \/>\n<meta property=\"og:type\" content=\"article\" \/>\n<meta property=\"og:title\" content=\"Ki\u015fisel Bilgileriniz - Invest Greece Yunanistan Emlak\" \/>\n<meta property=\"og:url\" content=\"https:\/\/www.investgreece.gr\/index.php\/kisisel-bilgileriniz\/\" \/>\n<meta property=\"og:site_name\" content=\"Invest Greece Yunanistan Emlak\" \/>\n<meta property=\"article:modified_time\" content=\"2023-03-07T09:47:24+00:00\" \/>\n<meta property=\"og:image\" content=\"https:\/\/res.cloudinary.com\/cyclops-web-studio\/images\/v1645910606\/WhatsApp-Image-2022-02-26-at-23.13.26\/WhatsApp-Image-2022-02-26-at-23.13.26.jpeg?_i=AA\" \/>\n\t<meta property=\"og:image:width\" content=\"1280\" \/>\n\t<meta property=\"og:image:height\" content=\"776\" \/>\n\t<meta property=\"og:image:type\" content=\"image\/jpeg\" \/>\n<meta name=\"twitter:card\" content=\"summary_large_image\" \/>\n<meta name=\"twitter:site\" content=\"@KostaEmlak\" \/>\n<script type=\"application\/ld+json\" class=\"yoast-schema-graph\">{\"@context\":\"https:\\\/\\\/schema.org\",\"@graph\":[{\"@type\":\"WebPage\",\"@id\":\"https:\\\/\\\/www.investgreece.gr\\\/index.php\\\/kisisel-bilgileriniz\\\/\",\"url\":\"https:\\\/\\\/www.investgreece.gr\\\/index.php\\\/kisisel-bilgileriniz\\\/\",\"name\":\"Ki\u015fisel Bilgileriniz - Invest Greece Yunanistan Emlak\",\"isPartOf\":{\"@id\":\"https:\\\/\\\/www.investgreece.gr\\\/#website\"},\"primaryImageOfPage\":{\"@id\":\"https:\\\/\\\/www.investgreece.gr\\\/index.php\\\/kisisel-bilgileriniz\\\/#primaryimage\"},\"image\":{\"@id\":\"https:\\\/\\\/www.investgreece.gr\\\/index.php\\\/kisisel-bilgileriniz\\\/#primaryimage\"},\"thumbnailUrl\":\"https:\\\/\\\/www.investgreece.gr\\\/wp-content\\\/uploads\\\/2022\\\/02\\\/WhatsApp-Image-2022-02-26-at-23.13.26.jpeg\",\"datePublished\":\"2023-03-07T09:35:07+00:00\",\"dateModified\":\"2023-03-07T09:47:24+00:00\",\"breadcrumb\":{\"@id\":\"https:\\\/\\\/www.investgreece.gr\\\/index.php\\\/kisisel-bilgileriniz\\\/#breadcrumb\"},\"inLanguage\":\"tr\",\"potentialAction\":[{\"@type\":\"ReadAction\",\"target\":[\"https:\\\/\\\/www.investgreece.gr\\\/index.php\\\/kisisel-bilgileriniz\\\/\"]}]},{\"@type\":\"ImageObject\",\"inLanguage\":\"tr\",\"@id\":\"https:\\\/\\\/www.investgreece.gr\\\/index.php\\\/kisisel-bilgileriniz\\\/#primaryimage\",\"url\":\"https:\\\/\\\/www.investgreece.gr\\\/wp-content\\\/uploads\\\/2022\\\/02\\\/WhatsApp-Image-2022-02-26-at-23.13.26.jpeg\",\"contentUrl\":\"https:\\\/\\\/www.investgreece.gr\\\/wp-content\\\/uploads\\\/2022\\\/02\\\/WhatsApp-Image-2022-02-26-at-23.13.26.jpeg\",\"width\":1280,\"height\":776},{\"@type\":\"BreadcrumbList\",\"@id\":\"https:\\\/\\\/www.investgreece.gr\\\/index.php\\\/kisisel-bilgileriniz\\\/#breadcrumb\",\"itemListElement\":[{\"@type\":\"ListItem\",\"position\":1,\"name\":\"Home\",\"item\":\"https:\\\/\\\/www.investgreece.gr\\\/\"},{\"@type\":\"ListItem\",\"position\":2,\"name\":\"Ki\u015fisel Bilgileriniz\"}]},{\"@type\":\"WebSite\",\"@id\":\"https:\\\/\\\/www.investgreece.gr\\\/#website\",\"url\":\"https:\\\/\\\/www.investgreece.gr\\\/\",\"name\":\"Invest Greece Yunanistan Emlak\",\"description\":\"Yunanistan Emlak Dan\u0131\u015fmanl\u0131\u011f\u0131\",\"publisher\":{\"@id\":\"https:\\\/\\\/www.investgreece.gr\\\/#organization\"},\"potentialAction\":[{\"@type\":\"SearchAction\",\"target\":{\"@type\":\"EntryPoint\",\"urlTemplate\":\"https:\\\/\\\/www.investgreece.gr\\\/?s={search_term_string}\"},\"query-input\":{\"@type\":\"PropertyValueSpecification\",\"valueRequired\":true,\"valueName\":\"search_term_string\"}}],\"inLanguage\":\"tr\"},{\"@type\":\"Organization\",\"@id\":\"https:\\\/\\\/www.investgreece.gr\\\/#organization\",\"name\":\"Invest Greece\",\"url\":\"https:\\\/\\\/www.investgreece.gr\\\/\",\"logo\":{\"@type\":\"ImageObject\",\"inLanguage\":\"tr\",\"@id\":\"https:\\\/\\\/www.investgreece.gr\\\/#\\\/schema\\\/logo\\\/image\\\/\",\"url\":\"https:\\\/\\\/res.cloudinary.com\\\/cyclops-web-studio\\\/images\\\/f_auto,q_auto\\\/v1622655883\\\/logo2021\\\/logo2021.png\",\"contentUrl\":\"https:\\\/\\\/res.cloudinary.com\\\/cyclops-web-studio\\\/images\\\/f_auto,q_auto\\\/v1622655883\\\/logo2021\\\/logo2021.png\",\"width\":250,\"height\":100,\"caption\":\"Invest Greece\"},\"image\":{\"@id\":\"https:\\\/\\\/www.investgreece.gr\\\/#\\\/schema\\\/logo\\\/image\\\/\"},\"sameAs\":[\"https:\\\/\\\/x.com\\\/KostaEmlak\"]}]}<\/script>\n<!-- \/ Yoast SEO plugin. -->","yoast_head_json":{"title":"Ki\u015fisel Bilgileriniz - Invest Greece Yunanistan Emlak","robots":{"index":"index","follow":"follow","max-snippet":"max-snippet:-1","max-image-preview":"max-image-preview:large","max-video-preview":"max-video-preview:-1"},"canonical":"https:\/\/www.investgreece.gr\/index.php\/kisisel-bilgileriniz\/","og_locale":"tr_TR","og_type":"article","og_title":"Ki\u015fisel Bilgileriniz - Invest Greece Yunanistan Emlak","og_url":"https:\/\/www.investgreece.gr\/index.php\/kisisel-bilgileriniz\/","og_site_name":"Invest Greece Yunanistan Emlak","article_modified_time":"2023-03-07T09:47:24+00:00","og_image":[{"width":1280,"height":776,"url":"https:\/\/res.cloudinary.com\/cyclops-web-studio\/images\/v1645910606\/WhatsApp-Image-2022-02-26-at-23.13.26\/WhatsApp-Image-2022-02-26-at-23.13.26.jpeg?_i=AA","type":"image\/jpeg"}],"twitter_card":"summary_large_image","twitter_site":"@KostaEmlak","schema":{"@context":"https:\/\/schema.org","@graph":[{"@type":"WebPage","@id":"https:\/\/www.investgreece.gr\/index.php\/kisisel-bilgileriniz\/","url":"https:\/\/www.investgreece.gr\/index.php\/kisisel-bilgileriniz\/","name":"Ki\u015fisel Bilgileriniz - Invest Greece Yunanistan Emlak","isPartOf":{"@id":"https:\/\/www.investgreece.gr\/#website"},"primaryImageOfPage":{"@id":"https:\/\/www.investgreece.gr\/index.php\/kisisel-bilgileriniz\/#primaryimage"},"image":{"@id":"https:\/\/www.investgreece.gr\/index.php\/kisisel-bilgileriniz\/#primaryimage"},"thumbnailUrl":"https:\/\/www.investgreece.gr\/wp-content\/uploads\/2022\/02\/WhatsApp-Image-2022-02-26-at-23.13.26.jpeg","datePublished":"2023-03-07T09:35:07+00:00","dateModified":"2023-03-07T09:47:24+00:00","breadcrumb":{"@id":"https:\/\/www.investgreece.gr\/index.php\/kisisel-bilgileriniz\/#breadcrumb"},"inLanguage":"tr","potentialAction":[{"@type":"ReadAction","target":["https:\/\/www.investgreece.gr\/index.php\/kisisel-bilgileriniz\/"]}]},{"@type":"ImageObject","inLanguage":"tr","@id":"https:\/\/www.investgreece.gr\/index.php\/kisisel-bilgileriniz\/#primaryimage","url":"https:\/\/www.investgreece.gr\/wp-content\/uploads\/2022\/02\/WhatsApp-Image-2022-02-26-at-23.13.26.jpeg","contentUrl":"https:\/\/www.investgreece.gr\/wp-content\/uploads\/2022\/02\/WhatsApp-Image-2022-02-26-at-23.13.26.jpeg","width":1280,"height":776},{"@type":"BreadcrumbList","@id":"https:\/\/www.investgreece.gr\/index.php\/kisisel-bilgileriniz\/#breadcrumb","itemListElement":[{"@type":"ListItem","position":1,"name":"Home","item":"https:\/\/www.investgreece.gr\/"},{"@type":"ListItem","position":2,"name":"Ki\u015fisel Bilgileriniz"}]},{"@type":"WebSite","@id":"https:\/\/www.investgreece.gr\/#website","url":"https:\/\/www.investgreece.gr\/","name":"Invest Greece Yunanistan Emlak","description":"Yunanistan Emlak Dan\u0131\u015fmanl\u0131\u011f\u0131","publisher":{"@id":"https:\/\/www.investgreece.gr\/#organization"},"potentialAction":[{"@type":"SearchAction","target":{"@type":"EntryPoint","urlTemplate":"https:\/\/www.investgreece.gr\/?s={search_term_string}"},"query-input":{"@type":"PropertyValueSpecification","valueRequired":true,"valueName":"search_term_string"}}],"inLanguage":"tr"},{"@type":"Organization","@id":"https:\/\/www.investgreece.gr\/#organization","name":"Invest Greece","url":"https:\/\/www.investgreece.gr\/","logo":{"@type":"ImageObject","inLanguage":"tr","@id":"https:\/\/www.investgreece.gr\/#\/schema\/logo\/image\/","url":"https:\/\/res.cloudinary.com\/cyclops-web-studio\/images\/f_auto,q_auto\/v1622655883\/logo2021\/logo2021.png","contentUrl":"https:\/\/res.cloudinary.com\/cyclops-web-studio\/images\/f_auto,q_auto\/v1622655883\/logo2021\/logo2021.png","width":250,"height":100,"caption":"Invest Greece"},"image":{"@id":"https:\/\/www.investgreece.gr\/#\/schema\/logo\/image\/"},"sameAs":["https:\/\/x.com\/KostaEmlak"]}]}},"_links":{"self":[{"href":"https:\/\/www.investgreece.gr\/index.php\/wp-json\/wp\/v2\/pages\/30205","targetHints":{"allow":["GET"]}}],"collection":[{"href":"https:\/\/www.investgreece.gr\/index.php\/wp-json\/wp\/v2\/pages"}],"about":[{"href":"https:\/\/www.investgreece.gr\/index.php\/wp-json\/wp\/v2\/types\/page"}],"author":[{"embeddable":true,"href":"https:\/\/www.investgreece.gr\/index.php\/wp-json\/wp\/v2\/users\/1"}],"replies":[{"embeddable":true,"href":"https:\/\/www.investgreece.gr\/index.php\/wp-json\/wp\/v2\/comments?post=30205"}],"version-history":[{"count":0,"href":"https:\/\/www.investgreece.gr\/index.php\/wp-json\/wp\/v2\/pages\/30205\/revisions"}],"wp:featuredmedia":[{"embeddable":true,"href":"https:\/\/www.investgreece.gr\/index.php\/wp-json\/wp\/v2\/media\/23763"}],"wp:attachment":[{"href":"https:\/\/www.investgreece.gr\/index.php\/wp-json\/wp\/v2\/media?parent=30205"}],"curies":[{"name":"wp","href":"https:\/\/api.w.org\/{rel}","templated":true}]}}